{"id":15,"date":"2023-09-06T14:07:07","date_gmt":"2023-09-06T14:07:07","guid":{"rendered":"https:\/\/demosites.royal-elementor-addons.com\/solar-energy-v1\/?page_id=15"},"modified":"2024-08-20T15:41:35","modified_gmt":"2024-08-20T15:41:35","slug":"productos","status":"publish","type":"page","link":"https:\/\/weldmetal.cl\/index.php\/productos\/","title":{"rendered":"Productos"},"content":{"rendered":"\t\t<div data-elementor-type=\"wp-page\" data-elementor-id=\"15\" class=\"elementor elementor-15\">\n\t\t\t\t\t\t<section class=\"elementor-section elementor-top-section elementor-element elementor-element-8c1add3 elementor-section-boxed elementor-section-height-default elementor-section-height-default wpr-particle-no wpr-jarallax-no wpr-parallax-no wpr-sticky-section-no wpr-column-slider-no wpr-equal-height-no\" data-id=\"8c1add3\" data-element_type=\"section\" data-e-type=\"section\" data-settings=\"{&quot;background_background&quot;:&quot;classic&quot;}\">\n\t\t\t\t\t\t\t<div class=\"elementor-background-overlay\"><\/div>\n\t\t\t\t\t\t\t<div class=\"elementor-container elementor-column-gap-default\">\n\t\t\t\t\t<div class=\"elementor-column elementor-col-100 elementor-top-column elementor-element elementor-element-ec1a87b\" data-id=\"ec1a87b\" data-element_type=\"column\" data-e-type=\"column\">\n\t\t\t<div class=\"elementor-widget-wrap elementor-element-populated\">\n\t\t\t\t\t\t<div class=\"elementor-element elementor-element-f8e8939 elementor-widget elementor-widget-heading\" data-id=\"f8e8939\" data-element_type=\"widget\" data-e-type=\"widget\" data-widget_type=\"heading.default\">\n\t\t\t\t<div class=\"elementor-widget-container\">\n\t\t\t\t\t<h2 class=\"elementor-heading-title elementor-size-default\">Productos<\/h2>\t\t\t\t<\/div>\n\t\t\t\t<\/div>\n\t\t\t\t<div class=\"elementor-element elementor-element-1194714 elementor-widget elementor-widget-text-editor\" data-id=\"1194714\" data-element_type=\"widget\" data-e-type=\"widget\" data-widget_type=\"text-editor.default\">\n\t\t\t\t<div class=\"elementor-widget-container\">\n\t\t\t\t\t\t\t\t\t<p>Empresas y Particulares<\/p>\t\t\t\t\t\t\t\t<\/div>\n\t\t\t\t<\/div>\n\t\t\t\t\t<\/div>\n\t\t<\/div>\n\t\t\t\t\t<\/div>\n\t\t<\/section>\n\t\t\t\t<section class=\"elementor-section elementor-top-section elementor-element elementor-element-f92f5ea elementor-section-boxed elementor-section-height-default elementor-section-height-default wpr-particle-no wpr-jarallax-no wpr-parallax-no wpr-sticky-section-no wpr-column-slider-no wpr-equal-height-no\" data-id=\"f92f5ea\" data-element_type=\"section\" data-e-type=\"section\">\n\t\t\t\t\t\t<div class=\"elementor-container elementor-column-gap-default\">\n\t\t\t\t\t<div class=\"elementor-column elementor-col-50 elementor-top-column elementor-element elementor-element-85f8c95 elementor-invisible\" data-id=\"85f8c95\" data-element_type=\"column\" data-e-type=\"column\" data-settings=\"{&quot;animation&quot;:&quot;slideInLeft&quot;}\">\n\t\t\t<div class=\"elementor-widget-wrap elementor-element-populated\">\n\t\t\t\t\t\t<div class=\"elementor-element elementor-element-3bb80dd elementor-widget elementor-widget-heading\" data-id=\"3bb80dd\" data-element_type=\"widget\" data-e-type=\"widget\" data-widget_type=\"heading.default\">\n\t\t\t\t<div class=\"elementor-widget-container\">\n\t\t\t\t\t<h2 class=\"elementor-heading-title elementor-size-default\">weld metal<\/h2>\t\t\t\t<\/div>\n\t\t\t\t<\/div>\n\t\t\t\t<div class=\"elementor-element elementor-element-908f70d elementor-widget elementor-widget-heading\" data-id=\"908f70d\" data-element_type=\"widget\" data-e-type=\"widget\" data-widget_type=\"heading.default\">\n\t\t\t\t<div class=\"elementor-widget-container\">\n\t\t\t\t\t<h2 class=\"elementor-heading-title elementor-size-default\">Nuestros Productos<\/h2>\t\t\t\t<\/div>\n\t\t\t\t<\/div>\n\t\t\t\t<div class=\"elementor-element elementor-element-4435c84 elementor-widget elementor-widget-text-editor\" data-id=\"4435c84\" data-element_type=\"widget\" data-e-type=\"widget\" data-widget_type=\"text-editor.default\">\n\t\t\t\t<div class=\"elementor-widget-container\">\n\t\t\t\t\t\t\t\t\t<p>En Weld Metal, ofrecemos una extensa variedad de productos de acero y materiales de construcci\u00f3n, cuidadosamente seleccionados para cumplir con las m\u00e1s altas exigencias de la industria. Nos aseguramos de que cada producto que suministramos cumpla con los est\u00e1ndares de calidad y durabilidad necesarios para garantizar el \u00e9xito de tus proyectos.<\/p><h4><strong>1. Perfiles de Acero<\/strong><\/h4><p>Disponemos de una amplia gama de perfiles de acero en diversas formas y tama\u00f1os, ideales para estructuras, marcos y soportes. Nuestros perfiles est\u00e1n dise\u00f1ados para ofrecer resistencia y estabilidad en cualquier tipo de construcci\u00f3n.<\/p><h4><strong>2. Planchas de Acero<\/strong><\/h4><p>Nuestras planchas de acero son perfectas para una variedad de aplicaciones industriales y de construcci\u00f3n. Ofrecemos planchas en diferentes grosores y acabados, adaptables a tus necesidades espec\u00edficas.<\/p><h4><strong>3. Materiales de Construcci\u00f3n<\/strong><\/h4><p>Suministramos materiales esenciales para la construcci\u00f3n, incluyendo vigas, barras y otros elementos estructurales que garantizan la solidez y durabilidad de tus proyectos.<\/p><h4><strong>4. Art\u00edculos de Soldadura<\/strong><\/h4><p>Ofrecemos una completa l\u00ednea de art\u00edculos de soldadura, desde electrodos hasta m\u00e1quinas de soldar, asegurando que tengas todo lo necesario para llevar a cabo tus proyectos de manera eficiente y segura.<\/p><h4><strong>5. Ropa e Insumos para Soldar<\/strong><\/h4><p>Proveemos ropa especializada y equipos de protecci\u00f3n para soldadores, dise\u00f1ados para ofrecer comodidad y seguridad en ambientes de trabajo exigentes. Desde guantes hasta cascos, cubrimos todas tus necesidades de protecci\u00f3n.<\/p><h4><strong>6. Productos Especializados<\/strong><\/h4><p>Tambi\u00e9n contamos con productos especializados para aplicaciones \u00fanicas o proyectos espec\u00edficos, asegurando que encuentres lo que necesitas, sin importar lo complejo que sea el desaf\u00edo.<\/p>\t\t\t\t\t\t\t\t<\/div>\n\t\t\t\t<\/div>\n\t\t\t\t\t<\/div>\n\t\t<\/div>\n\t\t\t\t<div class=\"elementor-column elementor-col-50 elementor-top-column elementor-element elementor-element-5829cee elementor-hidden-tablet elementor-hidden-mobile elementor-invisible\" data-id=\"5829cee\" data-element_type=\"column\" data-e-type=\"column\" data-settings=\"{&quot;animation&quot;:&quot;slideInRight&quot;}\">\n\t\t\t<div class=\"elementor-widget-wrap elementor-element-populated\">\n\t\t\t\t\t\t<div class=\"elementor-element elementor-element-065cc0c elementor-widget elementor-widget-image\" data-id=\"065cc0c\" data-element_type=\"widget\" data-e-type=\"widget\" data-widget_type=\"image.default\">\n\t\t\t\t<div class=\"elementor-widget-container\">\n\t\t\t\t\t\t\t\t\t\t\t\t\t\t\t<img fetchpriority=\"high\" decoding=\"async\" width=\"576\" height=\"1024\" src=\"https:\/\/weldmetal.cl\/wp-content\/uploads\/2024\/08\/Collage-Acero-Wel-Metal-576x1024.png\" class=\"attachment-large size-large wp-image-1817\" alt=\"\" srcset=\"https:\/\/weldmetal.cl\/wp-content\/uploads\/2024\/08\/Collage-Acero-Wel-Metal-576x1024.png 576w, https:\/\/weldmetal.cl\/wp-content\/uploads\/2024\/08\/Collage-Acero-Wel-Metal-169x300.png 169w, https:\/\/weldmetal.cl\/wp-content\/uploads\/2024\/08\/Collage-Acero-Wel-Metal-768x1365.png 768w, https:\/\/weldmetal.cl\/wp-content\/uploads\/2024\/08\/Collage-Acero-Wel-Metal-864x1536.png 864w, https:\/\/weldmetal.cl\/wp-content\/uploads\/2024\/08\/Collage-Acero-Wel-Metal.png 1080w\" sizes=\"(max-width: 576px) 100vw, 576px\" \/>\t\t\t\t\t\t\t\t\t\t\t\t\t\t\t<\/div>\n\t\t\t\t<\/div>\n\t\t\t\t\t<\/div>\n\t\t<\/div>\n\t\t\t\t\t<\/div>\n\t\t<\/section>\n\t\t\t\t<\/div>\n\t\t","protected":false},"excerpt":{"rendered":"<p>Productos Empresas y Particulares weld metal Nuestros Productos En Weld Metal, ofrecemos una extensa variedad de productos de acero y materiales de construcci\u00f3n, cuidadosamente seleccionados para cumplir con las m\u00e1s altas exigencias de la industria. Nos aseguramos de que cada producto que suministramos cumpla con los est\u00e1ndares de calidad y durabilidad necesarios para garantizar el \u00e9xito de tus proyectos. 1. Perfiles de Acero Disponemos de una amplia gama de perfiles de acero en diversas formas y tama\u00f1os, ideales para estructuras, marcos y soportes. Nuestros perfiles est\u00e1n dise\u00f1ados para ofrecer resistencia y estabilidad en cualquier tipo de construcci\u00f3n. 2. Planchas de Acero Nuestras planchas de acero son perfectas para una variedad de aplicaciones industriales y de construcci\u00f3n. Ofrecemos planchas en diferentes grosores y acabados, adaptables a tus necesidades espec\u00edficas. 3. Materiales de Construcci\u00f3n Suministramos materiales esenciales para la construcci\u00f3n, incluyendo vigas, barras y otros elementos estructurales que garantizan la solidez y durabilidad de tus proyectos. 4. Art\u00edculos de Soldadura Ofrecemos una completa l\u00ednea de art\u00edculos de soldadura, desde electrodos hasta m\u00e1quinas de soldar, asegurando que tengas todo lo necesario para llevar a cabo tus proyectos de manera eficiente y segura. 5. Ropa e Insumos para Soldar Proveemos ropa especializada y equipos de protecci\u00f3n para soldadores, dise\u00f1ados para ofrecer comodidad y seguridad en ambientes de trabajo exigentes. Desde guantes hasta cascos, cubrimos todas tus necesidades de protecci\u00f3n. 6. Productos Especializados Tambi\u00e9n contamos con productos especializados para aplicaciones \u00fanicas o proyectos espec\u00edficos, asegurando que encuentres lo que necesitas, sin importar lo complejo que sea el desaf\u00edo.<\/p>\n","protected":false},"author":1,"featured_media":0,"parent":0,"menu_order":0,"comment_status":"closed","ping_status":"closed","template":"elementor_canvas","meta":{"footnotes":""},"class_list":["post-15","page","type-page","status-publish","hentry"],"_links":{"self":[{"href":"https:\/\/weldmetal.cl\/index.php\/wp-json\/wp\/v2\/pages\/15","targetHints":{"allow":["GET"]}}],"collection":[{"href":"https:\/\/weldmetal.cl\/index.php\/wp-json\/wp\/v2\/pages"}],"about":[{"href":"https:\/\/weldmetal.cl\/index.php\/wp-json\/wp\/v2\/types\/page"}],"author":[{"embeddable":true,"href":"https:\/\/weldmetal.cl\/index.php\/wp-json\/wp\/v2\/users\/1"}],"replies":[{"embeddable":true,"href":"https:\/\/weldmetal.cl\/index.php\/wp-json\/wp\/v2\/comments?post=15"}],"version-history":[{"count":7,"href":"https:\/\/weldmetal.cl\/index.php\/wp-json\/wp\/v2\/pages\/15\/revisions"}],"predecessor-version":[{"id":1820,"href":"https:\/\/weldmetal.cl\/index.php\/wp-json\/wp\/v2\/pages\/15\/revisions\/1820"}],"wp:attachment":[{"href":"https:\/\/weldmetal.cl\/index.php\/wp-json\/wp\/v2\/media?parent=15"}],"curies":[{"name":"wp","href":"https:\/\/api.w.org\/{rel}","templated":true}]}}